{"id":2131,"date":"2023-01-25T15:27:08","date_gmt":"2023-01-25T15:27:08","guid":{"rendered":"https:\/\/www.perblo.ch\/sonderpruefungen\/"},"modified":"2025-11-13T11:10:43","modified_gmt":"2025-11-13T11:10:43","slug":"controles-speciaux","status":"publish","type":"page","link":"https:\/\/www.perblo.ch\/fr\/controles-speciaux\/","title":{"rendered":"Controles speciaux"},"content":{"rendered":"\t\t<div data-elementor-type=\"wp-page\" data-elementor-id=\"2131\" class=\"elementor elementor-2131 elementor-721\" data-elementor-post-type=\"page\">\n\t\t\t\t\t\t<section class=\"elementor-section elementor-top-section elementor-element elementor-element-77958e8 elementor-section-height-min-height hero elementor-section-full_width elementor-section-height-default elementor-section-items-middle\" data-id=\"77958e8\" data-element_type=\"section\" data-e-type=\"section\" data-settings=\"{&quot;background_background&quot;:&quot;classic&quot;,&quot;background_motion_fx_motion_fx_scrolling&quot;:&quot;yes&quot;,&quot;background_motion_fx_scale_effect&quot;:&quot;yes&quot;,&quot;background_motion_fx_scale_speed&quot;:{&quot;unit&quot;:&quot;px&quot;,&quot;size&quot;:2,&quot;sizes&quot;:[]},&quot;background_motion_fx_scale_direction&quot;:&quot;out-in&quot;,&quot;background_motion_fx_scale_range&quot;:{&quot;unit&quot;:&quot;%&quot;,&quot;size&quot;:&quot;&quot;,&quot;sizes&quot;:{&quot;start&quot;:20,&quot;end&quot;:80}},&quot;background_motion_fx_devices&quot;:[&quot;desktop&quot;,&quot;tablet&quot;,&quot;mobile&quot;]}\">\n\t\t\t\t\t\t\t<div class=\"elementor-background-overlay\"><\/div>\n\t\t\t\t\t\t\t<div class=\"elementor-container elementor-column-gap-no\">\n\t\t\t\t\t<div class=\"elementor-column elementor-col-100 elementor-top-column elementor-element elementor-element-03f3876\" data-id=\"03f3876\" data-element_type=\"column\" data-e-type=\"column\">\n\t\t\t<div class=\"elementor-widget-wrap elementor-element-populated\">\n\t\t\t\t\t\t<div class=\"elementor-element elementor-element-2bfe35a elementor-widget elementor-widget-text-editor\" data-id=\"2bfe35a\" data-element_type=\"widget\" data-e-type=\"widget\" data-widget_type=\"text-editor.default\">\n\t\t\t\t<div class=\"elementor-widget-container\">\n\t\t\t\t\t\t\t\t\t<h5>Audit<\/h5>\t\t\t\t\t\t\t\t<\/div>\n\t\t\t\t<\/div>\n\t\t\t\t<div class=\"elementor-element elementor-element-99dbccf animated-slow elementor-invisible elementor-widget elementor-widget-text-editor\" data-id=\"99dbccf\" data-element_type=\"widget\" data-e-type=\"widget\" data-settings=\"{&quot;_animation&quot;:&quot;fadeInUp&quot;}\" data-widget_type=\"text-editor.default\">\n\t\t\t\t<div class=\"elementor-widget-container\">\n\t\t\t\t\t\t\t\t\t<p>Tous les examens aupr\u00e8s d&rsquo;un seul fournisseur<\/p>\t\t\t\t\t\t\t\t<\/div>\n\t\t\t\t<\/div>\n\t\t\t\t\t<\/div>\n\t\t<\/div>\n\t\t\t\t\t<\/div>\n\t\t<\/section>\n\t\t\t\t<section class=\"elementor-section elementor-top-section elementor-element elementor-element-12f8f39 elementor-section-full_width elementor-section-height-default elementor-section-height-default\" data-id=\"12f8f39\" data-element_type=\"section\" data-e-type=\"section\">\n\t\t\t\t\t\t<div class=\"elementor-container elementor-column-gap-default\">\n\t\t\t\t\t<div class=\"elementor-column elementor-col-100 elementor-top-column elementor-element elementor-element-ecdd3a7\" data-id=\"ecdd3a7\" data-element_type=\"column\" data-e-type=\"column\">\n\t\t\t<div class=\"elementor-widget-wrap elementor-element-populated\">\n\t\t\t\t\t\t<div class=\"elementor-element elementor-element-871d271 elementor-widget elementor-widget-text-editor\" data-id=\"871d271\" data-element_type=\"widget\" data-e-type=\"widget\" data-widget_type=\"text-editor.default\">\n\t\t\t\t<div class=\"elementor-widget-container\">\n\t\t\t\t\t\t\t\t\t<span><span><a href=\"https:\/\/www.perblo.ch\/fr\/\">Home<\/a><\/span><\/span>\t\t\t\t\t\t\t\t<\/div>\n\t\t\t\t<\/div>\n\t\t\t\t\t<\/div>\n\t\t<\/div>\n\t\t\t\t\t<\/div>\n\t\t<\/section>\n\t\t\t\t<section class=\"elementor-section elementor-top-section elementor-element elementor-element-589842b elementor-section-full_width elementor-section-height-default elementor-section-height-default\" data-id=\"589842b\" data-element_type=\"section\" data-e-type=\"section\">\n\t\t\t\t\t\t<div class=\"elementor-container elementor-column-gap-default\">\n\t\t\t\t\t<div class=\"elementor-column elementor-col-100 elementor-top-column elementor-element elementor-element-984ce69\" data-id=\"984ce69\" data-element_type=\"column\" data-e-type=\"column\">\n\t\t\t<div class=\"elementor-widget-wrap elementor-element-populated\">\n\t\t\t\t\t\t<div class=\"elementor-element elementor-element-be9588b elementor-widget elementor-widget-text-editor\" data-id=\"be9588b\" data-element_type=\"widget\" data-e-type=\"widget\" data-widget_type=\"text-editor.default\">\n\t\t\t\t<div class=\"elementor-widget-container\">\n\t\t\t\t\t\t\t\t\t<h1>Contr\u00f4les selon des lois sp\u00e9cifiques<\/h1><p>En tant qu&rsquo;experts-r\u00e9viseurs agr\u00e9\u00e9s, nous cr\u00e9ons de la valeur ajout\u00e9e pour vous gr\u00e2ce \u00e0 notre audit, que ce soit dans le cadre de r\u00e9visions ordinaires ou restreintes ou par le biais de contr\u00f4les sp\u00e9ciaux.<\/p>\t\t\t\t\t\t\t\t<\/div>\n\t\t\t\t<\/div>\n\t\t\t\t<div class=\"elementor-element elementor-element-268dc47 elementor-widget elementor-widget-text-editor\" data-id=\"268dc47\" data-element_type=\"widget\" data-e-type=\"widget\" data-widget_type=\"text-editor.default\">\n\t\t\t\t<div class=\"elementor-widget-container\">\n\t\t\t\t\t\t\t\t\t<p><strong>Autres contr\u00f4les l\u00e9gaux<\/strong><\/p><ul><li>V\u00e9rification du rapport de fondation (art. 635a CO)<\/li><li>V\u00e9rification de l&rsquo;augmentation du capital (art. 652f CO)<\/li><li>V\u00e9rification de la r\u00e9duction du capital (art. 732, al. 2 CO)<\/li><li>Examen de la r\u00e9\u00e9valuation<\/li><li>V\u00e9rification selon la loi sur la fusion (fusion, scission, transformation)<\/li><li>V\u00e9rification des bilans d&rsquo;ouverture, interm\u00e9diaires et de cl\u00f4ture de liquidation<\/li><\/ul>\t\t\t\t\t\t\t\t<\/div>\n\t\t\t\t<\/div>\n\t\t\t\t\t<\/div>\n\t\t<\/div>\n\t\t\t\t\t<\/div>\n\t\t<\/section>\n\t\t\t\t<\/div>\n\t\t","protected":false},"excerpt":{"rendered":"<p>Audit Tous les examens aupr\u00e8s d&rsquo;un seul fournisseur Contr\u00f4les selon des lois sp\u00e9cifiques En tant qu&rsquo;experts-r\u00e9viseurs agr\u00e9\u00e9s, nous cr\u00e9ons de la valeur ajout\u00e9e pour vous gr\u00e2ce \u00e0 notre audit, que ce soit dans le cadre de r\u00e9visions ordinaires ou restreintes ou par le biais de contr\u00f4les sp\u00e9ciaux. Autres contr\u00f4les l\u00e9gaux V\u00e9rification du rapport de fondation [&hellip;]<\/p>\n","protected":false},"author":1,"featured_media":0,"parent":0,"menu_order":0,"comment_status":"closed","ping_status":"closed","template":"","meta":{"footnotes":""},"class_list":["post-2131","page","type-page","status-publish","hentry"],"yoast_head":"<!-- This site is optimized with the Yoast SEO plugin v27.3 - https:\/\/yoast.com\/product\/yoast-seo-wordpress\/ -->\n<title>S\u00e4mtliche Pr\u00fcfungen aus einer Hand \u2013 Sonderpr\u00fcfungen \u2013 perblo GROUP<\/title>\n<meta name=\"description\" content=\"Als zugelassene Revisionsexperten schaffen wir mit unserer Wirtschaftspr\u00fcfung Mehrwerte f\u00fcr sie, sei es im Rahmen von ordentlichen oder eingeschr\u00e4nkten Revisionen oder mittels Sonderpr\u00fcfungen.\" \/>\n<meta name=\"robots\" content=\"index, follow, max-snippet:-1, max-image-preview:large, max-video-preview:-1\" \/>\n<link rel=\"canonical\" href=\"https:\/\/www.perblo.ch\/fr\/controles-speciaux\/\" \/>\n<meta property=\"og:locale\" content=\"fr_FR\" \/>\n<meta property=\"og:type\" content=\"article\" \/>\n<meta property=\"og:title\" content=\"S\u00e4mtliche Pr\u00fcfungen aus einer Hand \u2013 Sonderpr\u00fcfungen \u2013 perblo GROUP\" \/>\n<meta property=\"og:description\" content=\"Als zugelassene Revisionsexperten schaffen wir mit unserer Wirtschaftspr\u00fcfung Mehrwerte f\u00fcr sie, sei es im Rahmen von ordentlichen oder eingeschr\u00e4nkten Revisionen oder mittels Sonderpr\u00fcfungen.\" \/>\n<meta property=\"og:url\" content=\"https:\/\/www.perblo.ch\/fr\/controles-speciaux\/\" \/>\n<meta property=\"og:site_name\" content=\"PerBlo GmbH \u2013 Treuhand, Immobilien, Steuern, Wirtschaftspr\u00fcfung \u2013 Wallis\" \/>\n<meta property=\"article:modified_time\" content=\"2025-11-13T11:10:43+00:00\" \/>\n<meta name=\"twitter:card\" content=\"summary_large_image\" \/>\n<meta name=\"twitter:label1\" content=\"Dur\u00e9e de lecture estim\u00e9e\" \/>\n\t<meta name=\"twitter:data1\" content=\"1 minute\" \/>\n<script type=\"application\/ld+json\" class=\"yoast-schema-graph\">{\"@context\":\"https:\\\/\\\/schema.org\",\"@graph\":[{\"@type\":\"WebPage\",\"@id\":\"https:\\\/\\\/www.perblo.ch\\\/fr\\\/controles-speciaux\\\/\",\"url\":\"https:\\\/\\\/www.perblo.ch\\\/fr\\\/controles-speciaux\\\/\",\"name\":\"S\u00e4mtliche Pr\u00fcfungen aus einer Hand \u2013 Sonderpr\u00fcfungen \u2013 perblo GROUP\",\"isPartOf\":{\"@id\":\"https:\\\/\\\/www.perblo.ch\\\/#website\"},\"datePublished\":\"2023-01-25T15:27:08+00:00\",\"dateModified\":\"2025-11-13T11:10:43+00:00\",\"description\":\"Als zugelassene Revisionsexperten schaffen wir mit unserer Wirtschaftspr\u00fcfung Mehrwerte f\u00fcr sie, sei es im Rahmen von ordentlichen oder eingeschr\u00e4nkten Revisionen oder mittels Sonderpr\u00fcfungen.\",\"breadcrumb\":{\"@id\":\"https:\\\/\\\/www.perblo.ch\\\/fr\\\/controles-speciaux\\\/#breadcrumb\"},\"inLanguage\":\"fr-FR\",\"potentialAction\":[{\"@type\":\"ReadAction\",\"target\":[\"https:\\\/\\\/www.perblo.ch\\\/fr\\\/controles-speciaux\\\/\"]}]},{\"@type\":\"BreadcrumbList\",\"@id\":\"https:\\\/\\\/www.perblo.ch\\\/fr\\\/controles-speciaux\\\/#breadcrumb\",\"itemListElement\":[{\"@type\":\"ListItem\",\"position\":1,\"name\":\"Home\",\"item\":\"https:\\\/\\\/www.perblo.ch\\\/fr\\\/\"},{\"@type\":\"ListItem\",\"position\":2,\"name\":\"Controles speciaux\"}]},{\"@type\":\"WebSite\",\"@id\":\"https:\\\/\\\/www.perblo.ch\\\/#website\",\"url\":\"https:\\\/\\\/www.perblo.ch\\\/\",\"name\":\"PerBlo GmbH \u2013 Treuhand, Immobilien, Steuern, Wirtschaftspr\u00fcfung \u2013 Wallis\",\"description\":\"\",\"publisher\":{\"@id\":\"https:\\\/\\\/www.perblo.ch\\\/#organization\"},\"potentialAction\":[{\"@type\":\"SearchAction\",\"target\":{\"@type\":\"EntryPoint\",\"urlTemplate\":\"https:\\\/\\\/www.perblo.ch\\\/?s={search_term_string}\"},\"query-input\":{\"@type\":\"PropertyValueSpecification\",\"valueRequired\":true,\"valueName\":\"search_term_string\"}}],\"inLanguage\":\"fr-FR\"},{\"@type\":\"Organization\",\"@id\":\"https:\\\/\\\/www.perblo.ch\\\/#organization\",\"name\":\"PerBlo GmbH \u2013 Treuhand, Immobilien, Steuern, Wirtschaftspr\u00fcfung \u2013 Wallis\",\"url\":\"https:\\\/\\\/www.perblo.ch\\\/\",\"logo\":{\"@type\":\"ImageObject\",\"inLanguage\":\"fr-FR\",\"@id\":\"https:\\\/\\\/www.perblo.ch\\\/#\\\/schema\\\/logo\\\/image\\\/\",\"url\":\"https:\\\/\\\/www.perblo.ch\\\/wp-content\\\/uploads\\\/2023\\\/01\\\/Logo-Anthrazit-Perblo-GmbH.svg\",\"contentUrl\":\"https:\\\/\\\/www.perblo.ch\\\/wp-content\\\/uploads\\\/2023\\\/01\\\/Logo-Anthrazit-Perblo-GmbH.svg\",\"width\":2050,\"height\":791,\"caption\":\"PerBlo GmbH \u2013 Treuhand, Immobilien, Steuern, Wirtschaftspr\u00fcfung \u2013 Wallis\"},\"image\":{\"@id\":\"https:\\\/\\\/www.perblo.ch\\\/#\\\/schema\\\/logo\\\/image\\\/\"}}]}<\/script>\n<!-- \/ Yoast SEO plugin. -->","yoast_head_json":{"title":"S\u00e4mtliche Pr\u00fcfungen aus einer Hand \u2013 Sonderpr\u00fcfungen \u2013 perblo GROUP","description":"Als zugelassene Revisionsexperten schaffen wir mit unserer Wirtschaftspr\u00fcfung Mehrwerte f\u00fcr sie, sei es im Rahmen von ordentlichen oder eingeschr\u00e4nkten Revisionen oder mittels Sonderpr\u00fcfungen.","robots":{"index":"index","follow":"follow","max-snippet":"max-snippet:-1","max-image-preview":"max-image-preview:large","max-video-preview":"max-video-preview:-1"},"canonical":"https:\/\/www.perblo.ch\/fr\/controles-speciaux\/","og_locale":"fr_FR","og_type":"article","og_title":"S\u00e4mtliche Pr\u00fcfungen aus einer Hand \u2013 Sonderpr\u00fcfungen \u2013 perblo GROUP","og_description":"Als zugelassene Revisionsexperten schaffen wir mit unserer Wirtschaftspr\u00fcfung Mehrwerte f\u00fcr sie, sei es im Rahmen von ordentlichen oder eingeschr\u00e4nkten Revisionen oder mittels Sonderpr\u00fcfungen.","og_url":"https:\/\/www.perblo.ch\/fr\/controles-speciaux\/","og_site_name":"PerBlo GmbH \u2013 Treuhand, Immobilien, Steuern, Wirtschaftspr\u00fcfung \u2013 Wallis","article_modified_time":"2025-11-13T11:10:43+00:00","twitter_card":"summary_large_image","twitter_misc":{"Dur\u00e9e de lecture estim\u00e9e":"1 minute"},"schema":{"@context":"https:\/\/schema.org","@graph":[{"@type":"WebPage","@id":"https:\/\/www.perblo.ch\/fr\/controles-speciaux\/","url":"https:\/\/www.perblo.ch\/fr\/controles-speciaux\/","name":"S\u00e4mtliche Pr\u00fcfungen aus einer Hand \u2013 Sonderpr\u00fcfungen \u2013 perblo GROUP","isPartOf":{"@id":"https:\/\/www.perblo.ch\/#website"},"datePublished":"2023-01-25T15:27:08+00:00","dateModified":"2025-11-13T11:10:43+00:00","description":"Als zugelassene Revisionsexperten schaffen wir mit unserer Wirtschaftspr\u00fcfung Mehrwerte f\u00fcr sie, sei es im Rahmen von ordentlichen oder eingeschr\u00e4nkten Revisionen oder mittels Sonderpr\u00fcfungen.","breadcrumb":{"@id":"https:\/\/www.perblo.ch\/fr\/controles-speciaux\/#breadcrumb"},"inLanguage":"fr-FR","potentialAction":[{"@type":"ReadAction","target":["https:\/\/www.perblo.ch\/fr\/controles-speciaux\/"]}]},{"@type":"BreadcrumbList","@id":"https:\/\/www.perblo.ch\/fr\/controles-speciaux\/#breadcrumb","itemListElement":[{"@type":"ListItem","position":1,"name":"Home","item":"https:\/\/www.perblo.ch\/fr\/"},{"@type":"ListItem","position":2,"name":"Controles speciaux"}]},{"@type":"WebSite","@id":"https:\/\/www.perblo.ch\/#website","url":"https:\/\/www.perblo.ch\/","name":"PerBlo GmbH \u2013 Treuhand, Immobilien, Steuern, Wirtschaftspr\u00fcfung \u2013 Wallis","description":"","publisher":{"@id":"https:\/\/www.perblo.ch\/#organization"},"potentialAction":[{"@type":"SearchAction","target":{"@type":"EntryPoint","urlTemplate":"https:\/\/www.perblo.ch\/?s={search_term_string}"},"query-input":{"@type":"PropertyValueSpecification","valueRequired":true,"valueName":"search_term_string"}}],"inLanguage":"fr-FR"},{"@type":"Organization","@id":"https:\/\/www.perblo.ch\/#organization","name":"PerBlo GmbH \u2013 Treuhand, Immobilien, Steuern, Wirtschaftspr\u00fcfung \u2013 Wallis","url":"https:\/\/www.perblo.ch\/","logo":{"@type":"ImageObject","inLanguage":"fr-FR","@id":"https:\/\/www.perblo.ch\/#\/schema\/logo\/image\/","url":"https:\/\/www.perblo.ch\/wp-content\/uploads\/2023\/01\/Logo-Anthrazit-Perblo-GmbH.svg","contentUrl":"https:\/\/www.perblo.ch\/wp-content\/uploads\/2023\/01\/Logo-Anthrazit-Perblo-GmbH.svg","width":2050,"height":791,"caption":"PerBlo GmbH \u2013 Treuhand, Immobilien, Steuern, Wirtschaftspr\u00fcfung \u2013 Wallis"},"image":{"@id":"https:\/\/www.perblo.ch\/#\/schema\/logo\/image\/"}}]}},"_links":{"self":[{"href":"https:\/\/www.perblo.ch\/fr\/wp-json\/wp\/v2\/pages\/2131","targetHints":{"allow":["GET"]}}],"collection":[{"href":"https:\/\/www.perblo.ch\/fr\/wp-json\/wp\/v2\/pages"}],"about":[{"href":"https:\/\/www.perblo.ch\/fr\/wp-json\/wp\/v2\/types\/page"}],"author":[{"embeddable":true,"href":"https:\/\/www.perblo.ch\/fr\/wp-json\/wp\/v2\/users\/1"}],"replies":[{"embeddable":true,"href":"https:\/\/www.perblo.ch\/fr\/wp-json\/wp\/v2\/comments?post=2131"}],"version-history":[{"count":8,"href":"https:\/\/www.perblo.ch\/fr\/wp-json\/wp\/v2\/pages\/2131\/revisions"}],"predecessor-version":[{"id":3560,"href":"https:\/\/www.perblo.ch\/fr\/wp-json\/wp\/v2\/pages\/2131\/revisions\/3560"}],"wp:attachment":[{"href":"https:\/\/www.perblo.ch\/fr\/wp-json\/wp\/v2\/media?parent=2131"}],"curies":[{"name":"wp","href":"https:\/\/api.w.org\/{rel}","templated":true}]}}