{"id":2114,"date":"2023-01-25T15:09:45","date_gmt":"2023-01-25T15:09:45","guid":{"rendered":"https:\/\/www.perblo.ch\/eingeschraenkte-und-ordentliche-revision\/"},"modified":"2025-11-13T11:11:38","modified_gmt":"2025-11-13T11:11:38","slug":"controle-restreint-et-ordinaire","status":"publish","type":"page","link":"https:\/\/www.perblo.ch\/fr\/controle-restreint-et-ordinaire\/","title":{"rendered":"Contr\u00f4le restreint et ordinaire"},"content":{"rendered":"\t\t<div data-elementor-type=\"wp-page\" data-elementor-id=\"2114\" class=\"elementor elementor-2114 elementor-689\" data-elementor-post-type=\"page\">\n\t\t\t\t\t\t<section class=\"elementor-section elementor-top-section elementor-element elementor-element-77958e8 elementor-section-height-min-height hero elementor-section-full_width elementor-section-height-default elementor-section-items-middle\" data-id=\"77958e8\" data-element_type=\"section\" data-e-type=\"section\" data-settings=\"{&quot;background_background&quot;:&quot;classic&quot;,&quot;background_motion_fx_motion_fx_scrolling&quot;:&quot;yes&quot;,&quot;background_motion_fx_scale_effect&quot;:&quot;yes&quot;,&quot;background_motion_fx_scale_speed&quot;:{&quot;unit&quot;:&quot;px&quot;,&quot;size&quot;:2,&quot;sizes&quot;:[]},&quot;background_motion_fx_scale_direction&quot;:&quot;out-in&quot;,&quot;background_motion_fx_scale_range&quot;:{&quot;unit&quot;:&quot;%&quot;,&quot;size&quot;:&quot;&quot;,&quot;sizes&quot;:{&quot;start&quot;:20,&quot;end&quot;:80}},&quot;background_motion_fx_devices&quot;:[&quot;desktop&quot;,&quot;tablet&quot;,&quot;mobile&quot;]}\">\n\t\t\t\t\t\t\t<div class=\"elementor-background-overlay\"><\/div>\n\t\t\t\t\t\t\t<div class=\"elementor-container elementor-column-gap-no\">\n\t\t\t\t\t<div class=\"elementor-column elementor-col-100 elementor-top-column elementor-element elementor-element-03f3876\" data-id=\"03f3876\" data-element_type=\"column\" data-e-type=\"column\">\n\t\t\t<div class=\"elementor-widget-wrap elementor-element-populated\">\n\t\t\t\t\t\t<div class=\"elementor-element elementor-element-2bfe35a elementor-widget elementor-widget-text-editor\" data-id=\"2bfe35a\" data-element_type=\"widget\" data-e-type=\"widget\" data-widget_type=\"text-editor.default\">\n\t\t\t\t<div class=\"elementor-widget-container\">\n\t\t\t\t\t\t\t\t\t<h5>Audit<\/h5>\t\t\t\t\t\t\t\t<\/div>\n\t\t\t\t<\/div>\n\t\t\t\t<div class=\"elementor-element elementor-element-99dbccf animated-slow elementor-invisible elementor-widget elementor-widget-text-editor\" data-id=\"99dbccf\" data-element_type=\"widget\" data-e-type=\"widget\" data-settings=\"{&quot;_animation&quot;:&quot;fadeInUp&quot;}\" data-widget_type=\"text-editor.default\">\n\t\t\t\t<div class=\"elementor-widget-container\">\n\t\t\t\t\t\t\t\t\t<p>Notre audit pour un rapport fiable<\/p>\t\t\t\t\t\t\t\t<\/div>\n\t\t\t\t<\/div>\n\t\t\t\t\t<\/div>\n\t\t<\/div>\n\t\t\t\t\t<\/div>\n\t\t<\/section>\n\t\t\t\t<section class=\"elementor-section elementor-top-section elementor-element elementor-element-12f8f39 elementor-section-full_width elementor-section-height-default elementor-section-height-default\" data-id=\"12f8f39\" data-element_type=\"section\" data-e-type=\"section\">\n\t\t\t\t\t\t<div class=\"elementor-container elementor-column-gap-default\">\n\t\t\t\t\t<div class=\"elementor-column elementor-col-100 elementor-top-column elementor-element elementor-element-ecdd3a7\" data-id=\"ecdd3a7\" data-element_type=\"column\" data-e-type=\"column\">\n\t\t\t<div class=\"elementor-widget-wrap elementor-element-populated\">\n\t\t\t\t\t\t<div class=\"elementor-element elementor-element-871d271 elementor-widget elementor-widget-text-editor\" data-id=\"871d271\" data-element_type=\"widget\" data-e-type=\"widget\" data-widget_type=\"text-editor.default\">\n\t\t\t\t<div class=\"elementor-widget-container\">\n\t\t\t\t\t\t\t\t\t<span><span><a href=\"https:\/\/www.perblo.ch\/fr\/\">Home<\/a><\/span><\/span>\t\t\t\t\t\t\t\t<\/div>\n\t\t\t\t<\/div>\n\t\t\t\t\t<\/div>\n\t\t<\/div>\n\t\t\t\t\t<\/div>\n\t\t<\/section>\n\t\t\t\t<section class=\"elementor-section elementor-top-section elementor-element elementor-element-589842b elementor-section-full_width elementor-section-height-default elementor-section-height-default\" data-id=\"589842b\" data-element_type=\"section\" data-e-type=\"section\">\n\t\t\t\t\t\t<div class=\"elementor-container elementor-column-gap-default\">\n\t\t\t\t\t<div class=\"elementor-column elementor-col-100 elementor-top-column elementor-element elementor-element-984ce69\" data-id=\"984ce69\" data-element_type=\"column\" data-e-type=\"column\">\n\t\t\t<div class=\"elementor-widget-wrap elementor-element-populated\">\n\t\t\t\t\t\t<div class=\"elementor-element elementor-element-be9588b elementor-widget elementor-widget-text-editor\" data-id=\"be9588b\" data-element_type=\"widget\" data-e-type=\"widget\" data-widget_type=\"text-editor.default\">\n\t\t\t\t<div class=\"elementor-widget-container\">\n\t\t\t\t\t\t\t\t\t<h1>R\u00e9visions restreintes et ordinaires<\/h1><p>Nous soumettons vos comptes annuels \u00e0 un contr\u00f4le ind\u00e9pendant et critique afin que vous puissiez ensuite vous y fier. En tant qu&rsquo;experts-comptables, nous ne nous contentons pas d&rsquo;\u00e9valuer la conformit\u00e9 de vos comptes annuels avec la loi, mais nous gardons toujours \u00e0 l&rsquo;esprit les points sur lesquels vous pouvez encore optimiser vos processus financiers et commerciaux. Nous disposons de l&rsquo;agr\u00e9ment requis de l&rsquo;Autorit\u00e9 f\u00e9d\u00e9rale de surveillance en mati\u00e8re de r\u00e9vision et satisfaisons pleinement aux normes professionnelles en vigueur. Parall\u00e8lement, vous profitez de notre vaste et longue exp\u00e9rience en mati\u00e8re de comptabilit\u00e9, de fiscalit\u00e9 et de gestion d&rsquo;entreprise.<\/p><p><em>Notre audit pour un rapport fiable &#8211; ind\u00e9pendant et orient\u00e9 sur les risques<\/em><\/p><p>L&rsquo;importance des chiffres d&rsquo;affaires v\u00e9rifi\u00e9s ne cesse de cro\u00eetre dans le monde professionnel. Les parties prenantes attendent des rapports fiables. Nos experts-r\u00e9viseurs et r\u00e9viseurs agr\u00e9\u00e9s par l&rsquo;Autorit\u00e9 f\u00e9d\u00e9rale de surveillance en mati\u00e8re de r\u00e9vision assument des mandats de r\u00e9vision l\u00e9gaux et sur la base de mandats pour toutes les formes juridiques, conform\u00e9ment aux prescriptions du droit des obligations et aux Swiss GAAP RPC.<\/p>\t\t\t\t\t\t\t\t<\/div>\n\t\t\t\t<\/div>\n\t\t\t\t<div class=\"elementor-element elementor-element-268dc47 elementor-widget elementor-widget-text-editor\" data-id=\"268dc47\" data-element_type=\"widget\" data-e-type=\"widget\" data-widget_type=\"text-editor.default\">\n\t\t\t\t<div class=\"elementor-widget-container\">\n\t\t\t\t\t\t\t\t\t<p><strong>Contr\u00f4le des comptes annuels et des comptes consolid\u00e9s (audit des comptes)<\/strong><\/p><ul><li>Contr\u00f4le ordinaire selon l&rsquo;art. 728b CO<\/li><li>Contr\u00f4le restreint (RPC) selon l&rsquo;art. 729a CO<\/li><li>Audit de la r\u00e9duction du capital (art. 732, al. 2 CO)<\/li><li>Audit des comptes consolid\u00e9s selon l&rsquo;art. 963 CO ou les Swiss GAAP RPC<\/li><\/ul><p>Nous ex\u00e9cutons les missions d&rsquo;audit de mani\u00e8re syst\u00e9matique en fonction des risques. Nous obtenons ainsi la s\u00e9curit\u00e9 d&rsquo;audit n\u00e9cessaire \u00e0 des co\u00fbts optimaux pour vous.<\/p>\t\t\t\t\t\t\t\t<\/div>\n\t\t\t\t<\/div>\n\t\t\t\t\t<\/div>\n\t\t<\/div>\n\t\t\t\t\t<\/div>\n\t\t<\/section>\n\t\t\t\t<\/div>\n\t\t","protected":false},"excerpt":{"rendered":"<p>Audit Notre audit pour un rapport fiable R\u00e9visions restreintes et ordinaires Nous soumettons vos comptes annuels \u00e0 un contr\u00f4le ind\u00e9pendant et critique afin que vous puissiez ensuite vous y fier. En tant qu&rsquo;experts-comptables, nous ne nous contentons pas d&rsquo;\u00e9valuer la conformit\u00e9 de vos comptes annuels avec la loi, mais nous gardons toujours \u00e0 l&rsquo;esprit les [&hellip;]<\/p>\n","protected":false},"author":1,"featured_media":0,"parent":0,"menu_order":0,"comment_status":"closed","ping_status":"closed","template":"","meta":{"footnotes":""},"class_list":["post-2114","page","type-page","status-publish","hentry"],"yoast_head":"<!-- This site is optimized with the Yoast SEO plugin v27.3 - https:\/\/yoast.com\/product\/yoast-seo-wordpress\/ -->\n<title>F\u00fcr Ihre zuverl\u00e4ssige Berichterstattung \u2013 Eingeschr\u00e4nkte und ordentliche Revisionen \u2013 perblo GROUP<\/title>\n<meta name=\"description\" content=\"Eingeschr\u00e4nkte und ordentliche Revisionen - Wir unterziehen Ihren Jahresabschluss einer kritischen Pr\u00fcfung, damit Sie sich darauf verlassen k\u00f6nnen.\" \/>\n<meta name=\"robots\" content=\"index, follow, max-snippet:-1, max-image-preview:large, max-video-preview:-1\" \/>\n<link rel=\"canonical\" href=\"https:\/\/www.perblo.ch\/fr\/controle-restreint-et-ordinaire\/\" \/>\n<meta property=\"og:locale\" content=\"fr_FR\" \/>\n<meta property=\"og:type\" content=\"article\" \/>\n<meta property=\"og:title\" content=\"F\u00fcr Ihre zuverl\u00e4ssige Berichterstattung \u2013 Eingeschr\u00e4nkte und ordentliche Revisionen \u2013 perblo GROUP\" \/>\n<meta property=\"og:description\" content=\"Eingeschr\u00e4nkte und ordentliche Revisionen - Wir unterziehen Ihren Jahresabschluss einer kritischen Pr\u00fcfung, damit Sie sich darauf verlassen k\u00f6nnen.\" \/>\n<meta property=\"og:url\" content=\"https:\/\/www.perblo.ch\/fr\/controle-restreint-et-ordinaire\/\" \/>\n<meta property=\"og:site_name\" content=\"PerBlo GmbH \u2013 Treuhand, Immobilien, Steuern, Wirtschaftspr\u00fcfung \u2013 Wallis\" \/>\n<meta property=\"article:modified_time\" content=\"2025-11-13T11:11:38+00:00\" \/>\n<meta name=\"twitter:card\" content=\"summary_large_image\" \/>\n<meta name=\"twitter:label1\" content=\"Dur\u00e9e de lecture estim\u00e9e\" \/>\n\t<meta name=\"twitter:data1\" content=\"2 minutes\" \/>\n<script type=\"application\/ld+json\" class=\"yoast-schema-graph\">{\"@context\":\"https:\\\/\\\/schema.org\",\"@graph\":[{\"@type\":\"WebPage\",\"@id\":\"https:\\\/\\\/www.perblo.ch\\\/fr\\\/controle-restreint-et-ordinaire\\\/\",\"url\":\"https:\\\/\\\/www.perblo.ch\\\/fr\\\/controle-restreint-et-ordinaire\\\/\",\"name\":\"F\u00fcr Ihre zuverl\u00e4ssige Berichterstattung \u2013 Eingeschr\u00e4nkte und ordentliche Revisionen \u2013 perblo GROUP\",\"isPartOf\":{\"@id\":\"https:\\\/\\\/www.perblo.ch\\\/#website\"},\"datePublished\":\"2023-01-25T15:09:45+00:00\",\"dateModified\":\"2025-11-13T11:11:38+00:00\",\"description\":\"Eingeschr\u00e4nkte und ordentliche Revisionen - Wir unterziehen Ihren Jahresabschluss einer kritischen Pr\u00fcfung, damit Sie sich darauf verlassen k\u00f6nnen.\",\"breadcrumb\":{\"@id\":\"https:\\\/\\\/www.perblo.ch\\\/fr\\\/controle-restreint-et-ordinaire\\\/#breadcrumb\"},\"inLanguage\":\"fr-FR\",\"potentialAction\":[{\"@type\":\"ReadAction\",\"target\":[\"https:\\\/\\\/www.perblo.ch\\\/fr\\\/controle-restreint-et-ordinaire\\\/\"]}]},{\"@type\":\"BreadcrumbList\",\"@id\":\"https:\\\/\\\/www.perblo.ch\\\/fr\\\/controle-restreint-et-ordinaire\\\/#breadcrumb\",\"itemListElement\":[{\"@type\":\"ListItem\",\"position\":1,\"name\":\"Home\",\"item\":\"https:\\\/\\\/www.perblo.ch\\\/fr\\\/\"},{\"@type\":\"ListItem\",\"position\":2,\"name\":\"Contr\u00f4le restreint et ordinaire\"}]},{\"@type\":\"WebSite\",\"@id\":\"https:\\\/\\\/www.perblo.ch\\\/#website\",\"url\":\"https:\\\/\\\/www.perblo.ch\\\/\",\"name\":\"PerBlo GmbH \u2013 Treuhand, Immobilien, Steuern, Wirtschaftspr\u00fcfung \u2013 Wallis\",\"description\":\"\",\"publisher\":{\"@id\":\"https:\\\/\\\/www.perblo.ch\\\/#organization\"},\"potentialAction\":[{\"@type\":\"SearchAction\",\"target\":{\"@type\":\"EntryPoint\",\"urlTemplate\":\"https:\\\/\\\/www.perblo.ch\\\/?s={search_term_string}\"},\"query-input\":{\"@type\":\"PropertyValueSpecification\",\"valueRequired\":true,\"valueName\":\"search_term_string\"}}],\"inLanguage\":\"fr-FR\"},{\"@type\":\"Organization\",\"@id\":\"https:\\\/\\\/www.perblo.ch\\\/#organization\",\"name\":\"PerBlo GmbH \u2013 Treuhand, Immobilien, Steuern, Wirtschaftspr\u00fcfung \u2013 Wallis\",\"url\":\"https:\\\/\\\/www.perblo.ch\\\/\",\"logo\":{\"@type\":\"ImageObject\",\"inLanguage\":\"fr-FR\",\"@id\":\"https:\\\/\\\/www.perblo.ch\\\/#\\\/schema\\\/logo\\\/image\\\/\",\"url\":\"https:\\\/\\\/www.perblo.ch\\\/wp-content\\\/uploads\\\/2023\\\/01\\\/Logo-Anthrazit-Perblo-GmbH.svg\",\"contentUrl\":\"https:\\\/\\\/www.perblo.ch\\\/wp-content\\\/uploads\\\/2023\\\/01\\\/Logo-Anthrazit-Perblo-GmbH.svg\",\"width\":2050,\"height\":791,\"caption\":\"PerBlo GmbH \u2013 Treuhand, Immobilien, Steuern, Wirtschaftspr\u00fcfung \u2013 Wallis\"},\"image\":{\"@id\":\"https:\\\/\\\/www.perblo.ch\\\/#\\\/schema\\\/logo\\\/image\\\/\"}}]}<\/script>\n<!-- \/ Yoast SEO plugin. -->","yoast_head_json":{"title":"F\u00fcr Ihre zuverl\u00e4ssige Berichterstattung \u2013 Eingeschr\u00e4nkte und ordentliche Revisionen \u2013 perblo GROUP","description":"Eingeschr\u00e4nkte und ordentliche Revisionen - Wir unterziehen Ihren Jahresabschluss einer kritischen Pr\u00fcfung, damit Sie sich darauf verlassen k\u00f6nnen.","robots":{"index":"index","follow":"follow","max-snippet":"max-snippet:-1","max-image-preview":"max-image-preview:large","max-video-preview":"max-video-preview:-1"},"canonical":"https:\/\/www.perblo.ch\/fr\/controle-restreint-et-ordinaire\/","og_locale":"fr_FR","og_type":"article","og_title":"F\u00fcr Ihre zuverl\u00e4ssige Berichterstattung \u2013 Eingeschr\u00e4nkte und ordentliche Revisionen \u2013 perblo GROUP","og_description":"Eingeschr\u00e4nkte und ordentliche Revisionen - Wir unterziehen Ihren Jahresabschluss einer kritischen Pr\u00fcfung, damit Sie sich darauf verlassen k\u00f6nnen.","og_url":"https:\/\/www.perblo.ch\/fr\/controle-restreint-et-ordinaire\/","og_site_name":"PerBlo GmbH \u2013 Treuhand, Immobilien, Steuern, Wirtschaftspr\u00fcfung \u2013 Wallis","article_modified_time":"2025-11-13T11:11:38+00:00","twitter_card":"summary_large_image","twitter_misc":{"Dur\u00e9e de lecture estim\u00e9e":"2 minutes"},"schema":{"@context":"https:\/\/schema.org","@graph":[{"@type":"WebPage","@id":"https:\/\/www.perblo.ch\/fr\/controle-restreint-et-ordinaire\/","url":"https:\/\/www.perblo.ch\/fr\/controle-restreint-et-ordinaire\/","name":"F\u00fcr Ihre zuverl\u00e4ssige Berichterstattung \u2013 Eingeschr\u00e4nkte und ordentliche Revisionen \u2013 perblo GROUP","isPartOf":{"@id":"https:\/\/www.perblo.ch\/#website"},"datePublished":"2023-01-25T15:09:45+00:00","dateModified":"2025-11-13T11:11:38+00:00","description":"Eingeschr\u00e4nkte und ordentliche Revisionen - Wir unterziehen Ihren Jahresabschluss einer kritischen Pr\u00fcfung, damit Sie sich darauf verlassen k\u00f6nnen.","breadcrumb":{"@id":"https:\/\/www.perblo.ch\/fr\/controle-restreint-et-ordinaire\/#breadcrumb"},"inLanguage":"fr-FR","potentialAction":[{"@type":"ReadAction","target":["https:\/\/www.perblo.ch\/fr\/controle-restreint-et-ordinaire\/"]}]},{"@type":"BreadcrumbList","@id":"https:\/\/www.perblo.ch\/fr\/controle-restreint-et-ordinaire\/#breadcrumb","itemListElement":[{"@type":"ListItem","position":1,"name":"Home","item":"https:\/\/www.perblo.ch\/fr\/"},{"@type":"ListItem","position":2,"name":"Contr\u00f4le restreint et ordinaire"}]},{"@type":"WebSite","@id":"https:\/\/www.perblo.ch\/#website","url":"https:\/\/www.perblo.ch\/","name":"PerBlo GmbH \u2013 Treuhand, Immobilien, Steuern, Wirtschaftspr\u00fcfung \u2013 Wallis","description":"","publisher":{"@id":"https:\/\/www.perblo.ch\/#organization"},"potentialAction":[{"@type":"SearchAction","target":{"@type":"EntryPoint","urlTemplate":"https:\/\/www.perblo.ch\/?s={search_term_string}"},"query-input":{"@type":"PropertyValueSpecification","valueRequired":true,"valueName":"search_term_string"}}],"inLanguage":"fr-FR"},{"@type":"Organization","@id":"https:\/\/www.perblo.ch\/#organization","name":"PerBlo GmbH \u2013 Treuhand, Immobilien, Steuern, Wirtschaftspr\u00fcfung \u2013 Wallis","url":"https:\/\/www.perblo.ch\/","logo":{"@type":"ImageObject","inLanguage":"fr-FR","@id":"https:\/\/www.perblo.ch\/#\/schema\/logo\/image\/","url":"https:\/\/www.perblo.ch\/wp-content\/uploads\/2023\/01\/Logo-Anthrazit-Perblo-GmbH.svg","contentUrl":"https:\/\/www.perblo.ch\/wp-content\/uploads\/2023\/01\/Logo-Anthrazit-Perblo-GmbH.svg","width":2050,"height":791,"caption":"PerBlo GmbH \u2013 Treuhand, Immobilien, Steuern, Wirtschaftspr\u00fcfung \u2013 Wallis"},"image":{"@id":"https:\/\/www.perblo.ch\/#\/schema\/logo\/image\/"}}]}},"_links":{"self":[{"href":"https:\/\/www.perblo.ch\/fr\/wp-json\/wp\/v2\/pages\/2114","targetHints":{"allow":["GET"]}}],"collection":[{"href":"https:\/\/www.perblo.ch\/fr\/wp-json\/wp\/v2\/pages"}],"about":[{"href":"https:\/\/www.perblo.ch\/fr\/wp-json\/wp\/v2\/types\/page"}],"author":[{"embeddable":true,"href":"https:\/\/www.perblo.ch\/fr\/wp-json\/wp\/v2\/users\/1"}],"replies":[{"embeddable":true,"href":"https:\/\/www.perblo.ch\/fr\/wp-json\/wp\/v2\/comments?post=2114"}],"version-history":[{"count":8,"href":"https:\/\/www.perblo.ch\/fr\/wp-json\/wp\/v2\/pages\/2114\/revisions"}],"predecessor-version":[{"id":3563,"href":"https:\/\/www.perblo.ch\/fr\/wp-json\/wp\/v2\/pages\/2114\/revisions\/3563"}],"wp:attachment":[{"href":"https:\/\/www.perblo.ch\/fr\/wp-json\/wp\/v2\/media?parent=2114"}],"curies":[{"name":"wp","href":"https:\/\/api.w.org\/{rel}","templated":true}]}}